{"id":842,"date":"2024-05-01T13:58:09","date_gmt":"2024-05-01T13:58:09","guid":{"rendered":"https:\/\/verdi.skygroup.com.br\/?page_id=842"},"modified":"2024-05-03T14:32:12","modified_gmt":"2024-05-03T14:32:12","slug":"qualidade","status":"publish","type":"page","link":"https:\/\/www.verdicosmeticos.com.br\/index.php\/qualidade\/","title":{"rendered":"Qualidade"},"content":{"rendered":"\t\t<div data-elementor-type=\"wp-page\" data-elementor-id=\"842\" class=\"elementor elementor-842\" data-elementor-post-type=\"page\">\n\t\t\t\t<div class=\"elementor-element elementor-element-5eb8178 e-con-full animated-fast e-flex elementor-invisible e-con e-parent\" data-id=\"5eb8178\" data-element_type=\"container\" data-settings=\"{&quot;background_background&quot;:&quot;classic&quot;,&quot;animation&quot;:&quot;fadeIn&quot;,&quot;motion_fx_motion_fx_scrolling&quot;:&quot;yes&quot;,&quot;motion_fx_translateY_effect&quot;:&quot;yes&quot;,&quot;motion_fx_translateY_affectedRange&quot;:{&quot;unit&quot;:&quot;%&quot;,&quot;size&quot;:&quot;&quot;,&quot;sizes&quot;:{&quot;start&quot;:41,&quot;end&quot;:100}},&quot;motion_fx_blur_effect&quot;:&quot;yes&quot;,&quot;motion_fx_blur_direction&quot;:&quot;in-out&quot;,&quot;motion_fx_blur_range&quot;:{&quot;unit&quot;:&quot;%&quot;,&quot;size&quot;:&quot;&quot;,&quot;sizes&quot;:{&quot;start&quot;:41,&quot;end&quot;:61}},&quot;motion_fx_translateY_speed&quot;:{&quot;unit&quot;:&quot;px&quot;,&quot;size&quot;:4,&quot;sizes&quot;:[]},&quot;motion_fx_blur_level&quot;:{&quot;unit&quot;:&quot;px&quot;,&quot;size&quot;:7,&quot;sizes&quot;:[]},&quot;motion_fx_devices&quot;:[&quot;desktop&quot;,&quot;tablet&quot;,&quot;mobile&quot;]}\">\n\t\t\t\t<\/div>\n\t\t<div class=\"elementor-element elementor-element-5a7df67 e-flex e-con-boxed e-con e-parent\" data-id=\"5a7df67\" data-element_type=\"container\">\n\t\t\t\t\t<div class=\"e-con-inner\">\n\t\t<div class=\"elementor-element elementor-element-8bbdf7a e-flex e-con-boxed e-con e-child\" data-id=\"8bbdf7a\" data-element_type=\"container\">\n\t\t\t\t\t<div class=\"e-con-inner\">\n\t\t<div class=\"elementor-element elementor-element-f4819ad e-flex e-con-boxed e-con e-child\" data-id=\"f4819ad\" data-element_type=\"container\">\n\t\t\t\t\t<div class=\"e-con-inner\">\n\t\t\t\t<div class=\"elementor-element elementor-element-8546cdf animated-fast elementor-invisible elementor-widget elementor-widget-heading\" data-id=\"8546cdf\" data-element_type=\"widget\" data-settings=\"{&quot;_animation&quot;:&quot;fadeIn&quot;}\" data-widget_type=\"heading.default\">\n\t\t\t\t<div class=\"elementor-widget-container\">\n\t\t\t\t\t<h2 class=\"elementor-heading-title elementor-size-default\">GEST\u00c3O DE QUALIDADE<\/h2>\t\t\t\t<\/div>\n\t\t\t\t<\/div>\n\t\t\t\t<div class=\"elementor-element elementor-element-57fd704 elementor-invisible elementor-widget elementor-widget-heading\" data-id=\"57fd704\" data-element_type=\"widget\" data-settings=\"{&quot;_animation&quot;:&quot;fadeIn&quot;}\" data-widget_type=\"heading.default\">\n\t\t\t\t<div class=\"elementor-widget-container\">\n\t\t\t\t\t<h2 class=\"elementor-heading-title elementor-size-default\">Qualidade em todas as etapas do processo<\/h2>\t\t\t\t<\/div>\n\t\t\t\t<\/div>\n\t\t\t\t<div class=\"elementor-element elementor-element-fff4465 animated-slow elementor-invisible elementor-widget elementor-widget-text-editor\" data-id=\"fff4465\" data-element_type=\"widget\" data-settings=\"{&quot;_animation&quot;:&quot;fadeIn&quot;}\" data-widget_type=\"text-editor.default\">\n\t\t\t\t<div class=\"elementor-widget-container\">\n\t\t\t\t\t\t\t\t\t<p>A Verdi Cosm\u00e9ticos segue os padr\u00f5es comuns de qualidade atrav\u00e9s de um controle rigoroso em todos os processos que envolvam a fabrica\u00e7\u00e3o, para chegarmos ao resultado de um produto inovador e com reconhecimento.<\/p>\n<ul>\n<li>Padr\u00e3o Europeu da Boas Pr\u00e1ticas de Fabrica\u00e7\u00e3o (BPF\/GMP);<\/li>\n<li>Qualifica\u00e7\u00e3o e Cataloga\u00e7\u00e3o de fornecedor;<\/li>\n<li>Padroniza\u00e7\u00e3o de Insumos Cosm\u00e9ticos;<\/li>\n<li>Controle e&nbsp;Garantia de Processos;<\/li>\n<li>Sistemas rastre\u00e1veis de produ\u00e7\u00e3o.<\/li>\n<\/ul>\t\t\t\t\t\t\t\t<\/div>\n\t\t\t\t<\/div>\n\t\t\t\t\t<\/div>\n\t\t\t\t<\/div>\n\t\t\t\t\t<\/div>\n\t\t\t\t<\/div>\n\t\t\t\t\t<\/div>\n\t\t\t\t<\/div>\n\t\t<div class=\"elementor-element elementor-element-eec9f87 e-flex e-con-boxed e-con e-parent\" data-id=\"eec9f87\" data-element_type=\"container\">\n\t\t\t\t\t<div class=\"e-con-inner\">\n\t\t<div class=\"elementor-element elementor-element-b7d1a7c e-con-full animated-fast e-flex elementor-invisible e-con e-child\" data-id=\"b7d1a7c\" data-element_type=\"container\" data-settings=\"{&quot;animation&quot;:&quot;fadeIn&quot;}\">\n\t\t\t\t<div class=\"elementor-element elementor-element-a1d7a1f elementor-widget elementor-widget-image\" data-id=\"a1d7a1f\" data-element_type=\"widget\" data-widget_type=\"image.default\">\n\t\t\t\t<div class=\"elementor-widget-container\">\n\t\t\t\t\t\t\t\t\t\t\t\t\t\t\t<img data-opt-id=990527925  fetchpriority=\"high\" decoding=\"async\" width=\"143\" height=\"142\" src=\"https:\/\/ml9psvwedmkw.i.optimole.com\/w:auto\/h:auto\/q:mauto\/ig:avif\/https:\/\/www.verdicosmeticos.com.br\/wp-content\/uploads\/2024\/05\/logo-1-100.jpg\" class=\"attachment-large size-large wp-image-928\" alt=\"anvisa\" \/>\t\t\t\t\t\t\t\t\t\t\t\t\t\t\t<\/div>\n\t\t\t\t<\/div>\n\t\t\t\t<\/div>\n\t\t<div class=\"elementor-element elementor-element-d07be51 e-con-full animated-fast e-flex elementor-invisible e-con e-child\" data-id=\"d07be51\" data-element_type=\"container\" data-settings=\"{&quot;animation&quot;:&quot;fadeIn&quot;,&quot;animation_delay&quot;:100}\">\n\t\t\t\t<div class=\"elementor-element elementor-element-c3e1d37 elementor-widget elementor-widget-image\" data-id=\"c3e1d37\" data-element_type=\"widget\" data-widget_type=\"image.default\">\n\t\t\t\t<div class=\"elementor-widget-container\">\n\t\t\t\t\t\t\t\t\t\t\t\t\t\t\t<img data-opt-id=286418521  fetchpriority=\"high\" decoding=\"async\" width=\"144\" height=\"143\" src=\"https:\/\/ml9psvwedmkw.i.optimole.com\/w:auto\/h:auto\/q:mauto\/ig:avif\/https:\/\/www.verdicosmeticos.com.br\/wp-content\/uploads\/2024\/05\/logo-2-100.jpg\" class=\"attachment-large size-large wp-image-929\" alt=\"conselho regional de qu\u00edmica\" \/>\t\t\t\t\t\t\t\t\t\t\t\t\t\t\t<\/div>\n\t\t\t\t<\/div>\n\t\t\t\t<\/div>\n\t\t<div class=\"elementor-element elementor-element-2c1bd89 e-con-full animated-fast e-flex elementor-invisible e-con e-child\" data-id=\"2c1bd89\" data-element_type=\"container\" data-settings=\"{&quot;animation&quot;:&quot;fadeIn&quot;,&quot;animation_delay&quot;:200}\">\n\t\t\t\t<div class=\"elementor-element elementor-element-98cff5b elementor-widget elementor-widget-image\" data-id=\"98cff5b\" data-element_type=\"widget\" data-widget_type=\"image.default\">\n\t\t\t\t<div class=\"elementor-widget-container\">\n\t\t\t\t\t\t\t\t\t\t\t\t\t\t\t<img data-opt-id=796170186  data-opt-src=\"https:\/\/ml9psvwedmkw.i.optimole.com\/w:auto\/h:auto\/q:mauto\/ig:avif\/https:\/\/www.verdicosmeticos.com.br\/wp-content\/uploads\/2024\/05\/logo-3-100.jpg\"  decoding=\"async\" width=\"143\" height=\"143\" src=\"data:image/svg+xml,%3Csvg%20viewBox%3D%220%200%20100%%20100%%22%20width%3D%22100%%22%20height%3D%22100%%22%20xmlns%3D%22http%3A%2F%2Fwww.w3.org%2F2000%2Fsvg%22%3E%3Crect%20width%3D%22100%%22%20height%3D%22100%%22%20fill%3D%22transparent%22%2F%3E%3C%2Fsvg%3E\" class=\"attachment-large size-large wp-image-930\" alt=\"bombeiros\" \/>\t\t\t\t\t\t\t\t\t\t\t\t\t\t\t<\/div>\n\t\t\t\t<\/div>\n\t\t\t\t<\/div>\n\t\t<div class=\"elementor-element elementor-element-a9a2e8a e-con-full animated-fast e-flex elementor-invisible e-con e-child\" data-id=\"a9a2e8a\" data-element_type=\"container\" data-settings=\"{&quot;animation&quot;:&quot;fadeIn&quot;,&quot;animation_delay&quot;:300}\">\n\t\t\t\t<div class=\"elementor-element elementor-element-306565a elementor-widget elementor-widget-image\" data-id=\"306565a\" data-element_type=\"widget\" data-widget_type=\"image.default\">\n\t\t\t\t<div class=\"elementor-widget-container\">\n\t\t\t\t\t\t\t\t\t\t\t\t\t\t\t<img data-opt-id=611530642  data-opt-src=\"https:\/\/ml9psvwedmkw.i.optimole.com\/w:auto\/h:auto\/q:mauto\/ig:avif\/https:\/\/www.verdicosmeticos.com.br\/wp-content\/uploads\/2024\/05\/logo-4-100.jpg\"  loading=\"lazy\" decoding=\"async\" width=\"144\" height=\"143\" src=\"data:image/svg+xml,%3Csvg%20viewBox%3D%220%200%20100%%20100%%22%20width%3D%22100%%22%20height%3D%22100%%22%20xmlns%3D%22http%3A%2F%2Fwww.w3.org%2F2000%2Fsvg%22%3E%3Crect%20width%3D%22100%%22%20height%3D%22100%%22%20fill%3D%22transparent%22%2F%3E%3C%2Fsvg%3E\" class=\"attachment-large size-large wp-image-931\" alt=\"cetesb\" \/>\t\t\t\t\t\t\t\t\t\t\t\t\t\t\t<\/div>\n\t\t\t\t<\/div>\n\t\t\t\t<\/div>\n\t\t\t\t\t<\/div>\n\t\t\t\t<\/div>\n\t\t<div class=\"elementor-element elementor-element-72261fe e-flex e-con-boxed e-con e-parent\" data-id=\"72261fe\" data-element_type=\"container\">\n\t\t\t\t\t<div class=\"e-con-inner\">\n\t\t<div class=\"elementor-element elementor-element-3fa7b9c e-con-full animated-fast e-flex elementor-invisible e-con e-child\" data-id=\"3fa7b9c\" data-element_type=\"container\" data-settings=\"{&quot;animation&quot;:&quot;fadeIn&quot;}\">\n\t\t\t\t<div class=\"elementor-element elementor-element-43bfe16 elementor-widget elementor-widget-image\" data-id=\"43bfe16\" data-element_type=\"widget\" data-widget_type=\"image.default\">\n\t\t\t\t<div class=\"elementor-widget-container\">\n\t\t\t\t\t\t\t\t\t\t\t\t\t\t\t<img data-opt-id=2079308553  data-opt-src=\"https:\/\/ml9psvwedmkw.i.optimole.com\/w:auto\/h:auto\/q:mauto\/ig:avif\/https:\/\/www.verdicosmeticos.com.br\/wp-content\/uploads\/2024\/05\/logo-5-100.jpg\"  loading=\"lazy\" decoding=\"async\" width=\"153\" height=\"153\" src=\"data:image/svg+xml,%3Csvg%20viewBox%3D%220%200%20100%%20100%%22%20width%3D%22100%%22%20height%3D%22100%%22%20xmlns%3D%22http%3A%2F%2Fwww.w3.org%2F2000%2Fsvg%22%3E%3Crect%20width%3D%22100%%22%20height%3D%22100%%22%20fill%3D%22transparent%22%2F%3E%3C%2Fsvg%3E\" class=\"attachment-large size-large wp-image-932\" alt=\"mercosul camara brasil alemanha\" old-srcset=\"https:\/\/ml9psvwedmkw.i.optimole.com\/w:153\/h:153\/q:mauto\/ig:avif\/https:\/\/www.verdicosmeticos.com.br\/wp-content\/uploads\/2024\/05\/logo-5-100.jpg 153w, https:\/\/ml9psvwedmkw.i.optimole.com\/w:150\/h:150\/q:mauto\/ig:avif\/https:\/\/www.verdicosmeticos.com.br\/wp-content\/uploads\/2024\/05\/logo-5-100.jpg 150w\" \/>\t\t\t\t\t\t\t\t\t\t\t\t\t\t\t<\/div>\n\t\t\t\t<\/div>\n\t\t\t\t<\/div>\n\t\t<div class=\"elementor-element elementor-element-949583b e-con-full animated-fast e-flex elementor-invisible e-con e-child\" data-id=\"949583b\" data-element_type=\"container\" data-settings=\"{&quot;animation&quot;:&quot;fadeIn&quot;,&quot;animation_delay&quot;:100}\">\n\t\t\t\t<div class=\"elementor-element elementor-element-36a7849 elementor-widget elementor-widget-image\" data-id=\"36a7849\" data-element_type=\"widget\" data-widget_type=\"image.default\">\n\t\t\t\t<div class=\"elementor-widget-container\">\n\t\t\t\t\t\t\t\t\t\t\t\t\t\t\t<img data-opt-id=296120700  data-opt-src=\"https:\/\/ml9psvwedmkw.i.optimole.com\/w:auto\/h:auto\/q:mauto\/ig:avif\/https:\/\/www.verdicosmeticos.com.br\/wp-content\/uploads\/2024\/05\/logo-6-100.jpg\"  loading=\"lazy\" decoding=\"async\" width=\"151\" height=\"151\" src=\"data:image/svg+xml,%3Csvg%20viewBox%3D%220%200%20100%%20100%%22%20width%3D%22100%%22%20height%3D%22100%%22%20xmlns%3D%22http%3A%2F%2Fwww.w3.org%2F2000%2Fsvg%22%3E%3Crect%20width%3D%22100%%22%20height%3D%22100%%22%20fill%3D%22transparent%22%2F%3E%3C%2Fsvg%3E\" class=\"attachment-large size-large wp-image-933\" alt=\"abihpec\" \/>\t\t\t\t\t\t\t\t\t\t\t\t\t\t\t<\/div>\n\t\t\t\t<\/div>\n\t\t\t\t<\/div>\n\t\t<div class=\"elementor-element elementor-element-b896ce2 e-con-full e-flex elementor-invisible e-con e-child\" data-id=\"b896ce2\" data-element_type=\"container\" data-settings=\"{&quot;animation&quot;:&quot;fadeIn&quot;,&quot;animation_delay&quot;:200}\">\n\t\t\t\t<div class=\"elementor-element elementor-element-5293fe0 elementor-widget elementor-widget-image\" data-id=\"5293fe0\" data-element_type=\"widget\" data-widget_type=\"image.default\">\n\t\t\t\t<div class=\"elementor-widget-container\">\n\t\t\t\t\t\t\t\t\t\t\t\t\t\t\t<img data-opt-id=1815822812  data-opt-src=\"https:\/\/ml9psvwedmkw.i.optimole.com\/w:auto\/h:auto\/q:mauto\/ig:avif\/https:\/\/www.verdicosmeticos.com.br\/wp-content\/uploads\/2024\/05\/logo-7-100.jpg\"  loading=\"lazy\" decoding=\"async\" width=\"335\" height=\"52\" src=\"data:image/svg+xml,%3Csvg%20viewBox%3D%220%200%20100%%20100%%22%20width%3D%22100%%22%20height%3D%22100%%22%20xmlns%3D%22http%3A%2F%2Fwww.w3.org%2F2000%2Fsvg%22%3E%3Crect%20width%3D%22100%%22%20height%3D%22100%%22%20fill%3D%22transparent%22%2F%3E%3C%2Fsvg%3E\" class=\"attachment-large size-large wp-image-934\" alt=\"scc\" old-srcset=\"https:\/\/ml9psvwedmkw.i.optimole.com\/w:335\/h:52\/q:mauto\/ig:avif\/https:\/\/www.verdicosmeticos.com.br\/wp-content\/uploads\/2024\/05\/logo-7-100.jpg 335w, https:\/\/ml9psvwedmkw.i.optimole.com\/w:300\/h:47\/q:mauto\/ig:avif\/https:\/\/www.verdicosmeticos.com.br\/wp-content\/uploads\/2024\/05\/logo-7-100.jpg 300w\" \/>\t\t\t\t\t\t\t\t\t\t\t\t\t\t\t<\/div>\n\t\t\t\t<\/div>\n\t\t\t\t<\/div>\n\t\t<div class=\"elementor-element elementor-element-13804e7 e-con-full e-flex elementor-invisible e-con e-child\" data-id=\"13804e7\" data-element_type=\"container\" data-settings=\"{&quot;animation&quot;:&quot;fadeIn&quot;,&quot;animation_delay&quot;:300}\">\n\t\t\t\t<div class=\"elementor-element elementor-element-d3ab088 elementor-widget elementor-widget-image\" data-id=\"d3ab088\" data-element_type=\"widget\" data-widget_type=\"image.default\">\n\t\t\t\t<div class=\"elementor-widget-container\">\n\t\t\t\t\t\t\t\t\t\t\t\t\t\t\t<img data-opt-id=744129639  data-opt-src=\"https:\/\/ml9psvwedmkw.i.optimole.com\/w:auto\/h:auto\/q:mauto\/ig:avif\/https:\/\/www.verdicosmeticos.com.br\/wp-content\/uploads\/2024\/05\/logo-8-100.jpg\"  loading=\"lazy\" decoding=\"async\" width=\"256\" height=\"90\" src=\"data:image/svg+xml,%3Csvg%20viewBox%3D%220%200%20100%%20100%%22%20width%3D%22100%%22%20height%3D%22100%%22%20xmlns%3D%22http%3A%2F%2Fwww.w3.org%2F2000%2Fsvg%22%3E%3Crect%20width%3D%22100%%22%20height%3D%22100%%22%20fill%3D%22transparent%22%2F%3E%3C%2Fsvg%3E\" class=\"attachment-large size-large wp-image-935\" alt=\"eu reciclo\" \/>\t\t\t\t\t\t\t\t\t\t\t\t\t\t\t<\/div>\n\t\t\t\t<\/div>\n\t\t\t\t<\/div>\n\t\t\t\t\t<\/div>\n\t\t\t\t<\/div>\n\t\t\t\t<\/div>\n\t\t","protected":false},"excerpt":{"rendered":"<p>GEST\u00c3O DE QUALIDADE Qualidade em todas as etapas do processo A Verdi Cosm\u00e9ticos segue os padr\u00f5es comuns de qualidade atrav\u00e9s de um controle rigoroso em todos os processos que envolvam a fabrica\u00e7\u00e3o, para chegarmos ao resultado de um produto inovador e com reconhecimento. Padr\u00e3o Europeu da Boas Pr\u00e1ticas de Fabrica\u00e7\u00e3o (BPF\/GMP); Qualifica\u00e7\u00e3o e Cataloga\u00e7\u00e3o de [&hellip;]<\/p>\n","protected":false},"author":1,"featured_media":0,"parent":0,"menu_order":0,"comment_status":"closed","ping_status":"closed","template":"elementor_header_footer","meta":{"footnotes":""},"class_list":["post-842","page","type-page","status-publish","hentry"],"_links":{"self":[{"href":"https:\/\/www.verdicosmeticos.com.br\/index.php\/wp-json\/wp\/v2\/pages\/842","targetHints":{"allow":["GET"]}}],"collection":[{"href":"https:\/\/www.verdicosmeticos.com.br\/index.php\/wp-json\/wp\/v2\/pages"}],"about":[{"href":"https:\/\/www.verdicosmeticos.com.br\/index.php\/wp-json\/wp\/v2\/types\/page"}],"author":[{"embeddable":true,"href":"https:\/\/www.verdicosmeticos.com.br\/index.php\/wp-json\/wp\/v2\/users\/1"}],"replies":[{"embeddable":true,"href":"https:\/\/www.verdicosmeticos.com.br\/index.php\/wp-json\/wp\/v2\/comments?post=842"}],"version-history":[{"count":0,"href":"https:\/\/www.verdicosmeticos.com.br\/index.php\/wp-json\/wp\/v2\/pages\/842\/revisions"}],"wp:attachment":[{"href":"https:\/\/www.verdicosmeticos.com.br\/index.php\/wp-json\/wp\/v2\/media?parent=842"}],"curies":[{"name":"wp","href":"https:\/\/api.w.org\/{rel}","templated":true}]}}