{"id":844,"date":"2024-05-01T14:00:20","date_gmt":"2024-05-01T14:00:20","guid":{"rendered":"https:\/\/verdi.skygroup.com.br\/?page_id=844"},"modified":"2024-11-18T20:08:53","modified_gmt":"2024-11-18T20:08:53","slug":"cosmeticos","status":"publish","type":"page","link":"https:\/\/www.verdicosmeticos.com.br\/index.php\/cosmeticos\/","title":{"rendered":"Cosmeticos"},"content":{"rendered":"\t\t<div data-elementor-type=\"wp-page\" data-elementor-id=\"844\" class=\"elementor elementor-844\" data-elementor-post-type=\"page\">\n\t\t\t\t<div class=\"elementor-element elementor-element-1a3458b e-con-full e-flex elementor-invisible e-con e-parent\" data-id=\"1a3458b\" data-element_type=\"container\" data-settings=\"{&quot;background_background&quot;:&quot;classic&quot;,&quot;animation&quot;:&quot;fadeIn&quot;,&quot;motion_fx_motion_fx_scrolling&quot;:&quot;yes&quot;,&quot;motion_fx_translateY_effect&quot;:&quot;yes&quot;,&quot;motion_fx_translateY_affectedRange&quot;:{&quot;unit&quot;:&quot;%&quot;,&quot;size&quot;:&quot;&quot;,&quot;sizes&quot;:{&quot;start&quot;:41,&quot;end&quot;:100}},&quot;motion_fx_blur_effect&quot;:&quot;yes&quot;,&quot;motion_fx_blur_direction&quot;:&quot;in-out&quot;,&quot;motion_fx_blur_range&quot;:{&quot;unit&quot;:&quot;%&quot;,&quot;size&quot;:&quot;&quot;,&quot;sizes&quot;:{&quot;start&quot;:48,&quot;end&quot;:61}},&quot;motion_fx_translateY_speed&quot;:{&quot;unit&quot;:&quot;px&quot;,&quot;size&quot;:4,&quot;sizes&quot;:[]},&quot;motion_fx_blur_level&quot;:{&quot;unit&quot;:&quot;px&quot;,&quot;size&quot;:7,&quot;sizes&quot;:[]},&quot;motion_fx_devices&quot;:[&quot;desktop&quot;,&quot;tablet&quot;,&quot;mobile&quot;]}\">\n\t\t\t\t<\/div>\n\t\t<div class=\"elementor-element elementor-element-004588c e-flex e-con-boxed e-con e-parent\" data-id=\"004588c\" data-element_type=\"container\">\n\t\t\t\t\t<div class=\"e-con-inner\">\n\t\t<div class=\"elementor-element elementor-element-0c97223 e-flex e-con-boxed e-con e-child\" data-id=\"0c97223\" data-element_type=\"container\">\n\t\t\t\t\t<div class=\"e-con-inner\">\n\t\t\t\t<div class=\"elementor-element elementor-element-1f7a9a8 animated-fast elementor-invisible elementor-widget elementor-widget-heading\" data-id=\"1f7a9a8\" data-element_type=\"widget\" data-settings=\"{&quot;_animation&quot;:&quot;fadeIn&quot;}\" data-widget_type=\"heading.default\">\n\t\t\t\t<div class=\"elementor-widget-container\">\n\t\t\t\t\t<h2 class=\"elementor-heading-title elementor-size-default\">TERCEIRIZA\u00c7\u00c3O DE COSM\u00c9TICOS<\/h2>\t\t\t\t<\/div>\n\t\t\t\t<\/div>\n\t\t\t\t<div class=\"elementor-element elementor-element-2a712fb elementor-invisible elementor-widget elementor-widget-heading\" data-id=\"2a712fb\" data-element_type=\"widget\" data-settings=\"{&quot;_animation&quot;:&quot;fadeIn&quot;}\" data-widget_type=\"heading.default\">\n\t\t\t\t<div class=\"elementor-widget-container\">\n\t\t\t\t\t<h2 class=\"elementor-heading-title elementor-size-default\">A Verdi \u00e9 especialista em terceiriza\u00e7\u00e3o e <em>Private Label<\/em><\/h2>\t\t\t\t<\/div>\n\t\t\t\t<\/div>\n\t\t\t\t<div class=\"elementor-element elementor-element-44c2870 animated-slow elementor-invisible elementor-widget elementor-widget-text-editor\" data-id=\"44c2870\" data-element_type=\"widget\" data-settings=\"{&quot;_animation&quot;:&quot;fadeIn&quot;}\" data-widget_type=\"text-editor.default\">\n\t\t\t\t<div class=\"elementor-widget-container\">\n\t\t\t\t\t\t\t\t\t<p>Juntos iremos avaliar, estudar, catalogar os principais ingredientes ativos que ira\u0303o compor seus produtos, realizar testes sensoriais, teste de performance, estudo olfativo e assim, passo a passo voce\u0302 ira\u0301 acompanhar de perto o lan\u00e7amento da sua marca!<\/p><p>Depois vamos validar tudo isso!\u00a0<\/p><p>E so\u0301 a partir disso, e\u0301 que iremos pleitear a regulamentac\u0327a\u0303o do seu produto junto a\u0300 ANVISA!<\/p><p>Em todas as etapas somos orientados pelos padro\u0303es da GMP (<em>Good Manufacturing Practices<\/em>), onde todos os indicadores sa\u0303o rastrea\u0301veis e assegurados pela qualidade, e\u0301tica e confidencialidade.<\/p><p>Foi assim que crescemos e e\u0301 assim que lhe convidamos para o fanta\u0301stico mundo da Verdi Cosme\u0301ticos.<\/p><p>Aqui na Verdi e\u0301 assim, voce\u0302 e\u0301 exclusivo!<\/p>\t\t\t\t\t\t\t\t<\/div>\n\t\t\t\t<\/div>\n\t\t\t\t\t<\/div>\n\t\t\t\t<\/div>\n\t\t\t\t\t<\/div>\n\t\t\t\t<\/div>\n\t\t\t\t<\/div>\n\t\t","protected":false},"excerpt":{"rendered":"<p>TERCEIRIZA\u00c7\u00c3O DE COSM\u00c9TICOS A Verdi \u00e9 especialista em terceiriza\u00e7\u00e3o e Private Label Juntos iremos avaliar, estudar, catalogar os principais ingredientes ativos que ira\u0303o compor seus produtos, realizar testes sensoriais, teste de performance, estudo olfativo e assim, passo a passo voce\u0302 ira\u0301 acompanhar de perto o lan\u00e7amento da sua marca! Depois vamos validar tudo isso!\u00a0 E [&hellip;]<\/p>\n","protected":false},"author":1,"featured_media":0,"parent":0,"menu_order":0,"comment_status":"closed","ping_status":"closed","template":"elementor_header_footer","meta":{"footnotes":""},"class_list":["post-844","page","type-page","status-publish","hentry"],"_links":{"self":[{"href":"https:\/\/www.verdicosmeticos.com.br\/index.php\/wp-json\/wp\/v2\/pages\/844","targetHints":{"allow":["GET"]}}],"collection":[{"href":"https:\/\/www.verdicosmeticos.com.br\/index.php\/wp-json\/wp\/v2\/pages"}],"about":[{"href":"https:\/\/www.verdicosmeticos.com.br\/index.php\/wp-json\/wp\/v2\/types\/page"}],"author":[{"embeddable":true,"href":"https:\/\/www.verdicosmeticos.com.br\/index.php\/wp-json\/wp\/v2\/users\/1"}],"replies":[{"embeddable":true,"href":"https:\/\/www.verdicosmeticos.com.br\/index.php\/wp-json\/wp\/v2\/comments?post=844"}],"version-history":[{"count":3,"href":"https:\/\/www.verdicosmeticos.com.br\/index.php\/wp-json\/wp\/v2\/pages\/844\/revisions"}],"predecessor-version":[{"id":1254,"href":"https:\/\/www.verdicosmeticos.com.br\/index.php\/wp-json\/wp\/v2\/pages\/844\/revisions\/1254"}],"wp:attachment":[{"href":"https:\/\/www.verdicosmeticos.com.br\/index.php\/wp-json\/wp\/v2\/media?parent=844"}],"curies":[{"name":"wp","href":"https:\/\/api.w.org\/{rel}","templated":true}]}}